{"id":24,"date":"2024-09-22T11:30:28","date_gmt":"2024-09-22T11:30:28","guid":{"rendered":"https:\/\/buildgo.themeori.com\/?page_id=24"},"modified":"2025-07-23T11:55:18","modified_gmt":"2025-07-23T11:55:18","slug":"sluzby","status":"publish","type":"page","link":"https:\/\/rhutenio.cz\/en\/sluzby\/","title":{"rendered":"Services"},"content":{"rendered":"<div data-elementor-type=\"wp-page\" data-elementor-id=\"24\" class=\"elementor elementor-24\" data-elementor-post-type=\"page\">\n\t\t\t\t\t\t<section class=\"elementor-section elementor-top-section elementor-element elementor-element-31f5dec elementor-section-boxed elementor-section-height-default elementor-section-height-default\" data-id=\"31f5dec\" data-element_type=\"section\">\n\t\t\t\t\t\t<div class=\"elementor-container elementor-column-gap-custom\">\n\t\t\t\t\t<div class=\"elementor-column elementor-col-33 elementor-top-column elementor-element elementor-element-743b421\" data-id=\"743b421\" data-element_type=\"column\">\n\t\t\t<div class=\"elementor-widget-wrap elementor-element-populated\">\n\t\t\t\t\t\t<div class=\"elementor-element elementor-element-48bdfa9 elementor-cta--skin-cover elementor-animated-content elementor-bg-transform elementor-bg-transform-zoom-in elementor-widget elementor-widget-call-to-action\" data-id=\"48bdfa9\" data-element_type=\"widget\" data-widget_type=\"call-to-action.default\">\n\t\t\t\t<div class=\"elementor-widget-container\">\n\t\t\t\t\t\t\t<a class=\"elementor-cta\" href=\"https:\/\/rhutenio.cz\/en\/sluzba\/pokladka-dlazby\/\">\n\t\t\t\t\t<div class=\"elementor-cta__bg-wrapper\">\n\t\t\t\t<div class=\"elementor-cta__bg elementor-bg\" style=\"background-image: url(https:\/\/rhutenio.cz\/wp-content\/uploads\/2024\/10\/Pokladka-Dlazby-Rhutenio-Czech-768x576.jpg);\" role=\"img\" aria-label=\"Pokla\u0301dka Dlaz\u030cby Rhutenio Czech\"><\/div>\n\t\t\t\t<div class=\"elementor-cta__bg-overlay\"><\/div>\n\t\t\t<\/div>\n\t\t\t\t\t\t\t<div class=\"elementor-cta__content\">\n\t\t\t\t\n\t\t\t\t\t\t\t\t\t<h2 class=\"elementor-cta__title elementor-cta__content-item elementor-content-item elementor-animated-item--grow\">\n\t\t\t\t\t\tPaving &amp; Sidewalks\t\t\t\t\t<\/h2>\n\t\t\t\t\n\t\t\t\t\n\t\t\t\t\t\t\t<\/div>\n\t\t\t\t\t\t<\/a>\n\t\t\t\t\t\t<\/div>\n\t\t\t\t<\/div>\n\t\t\t\t\t<\/div>\n\t\t<\/div>\n\t\t\t\t<div class=\"elementor-column elementor-col-33 elementor-top-column elementor-element elementor-element-77a954d\" data-id=\"77a954d\" data-element_type=\"column\">\n\t\t\t<div class=\"elementor-widget-wrap elementor-element-populated\">\n\t\t\t\t\t\t<div class=\"elementor-element elementor-element-45cca2c elementor-cta--skin-cover elementor-animated-content elementor-bg-transform elementor-bg-transform-zoom-in elementor-widget elementor-widget-call-to-action\" data-id=\"45cca2c\" data-element_type=\"widget\" data-widget_type=\"call-to-action.default\">\n\t\t\t\t<div class=\"elementor-widget-container\">\n\t\t\t\t\t\t\t<a class=\"elementor-cta\" href=\"https:\/\/rhutenio.cz\/en\/sluzba\/pvc-stresni-krytina\/\">\n\t\t\t\t\t<div class=\"elementor-cta__bg-wrapper\">\n\t\t\t\t<div class=\"elementor-cta__bg elementor-bg\" style=\"background-image: url(https:\/\/rhutenio.cz\/wp-content\/uploads\/2025\/07\/pvcMain.png);\" role=\"img\" aria-label=\"pvcMain\"><\/div>\n\t\t\t\t<div class=\"elementor-cta__bg-overlay\"><\/div>\n\t\t\t<\/div>\n\t\t\t\t\t\t\t<div class=\"elementor-cta__content\">\n\t\t\t\t\n\t\t\t\t\t\t\t\t\t<h2 class=\"elementor-cta__title elementor-cta__content-item elementor-content-item elementor-animated-item--grow\">\n\t\t\t\t\t\tPVC Waterproofing\t\t\t\t\t<\/h2>\n\t\t\t\t\n\t\t\t\t\n\t\t\t\t\t\t\t<\/div>\n\t\t\t\t\t\t<\/a>\n\t\t\t\t\t\t<\/div>\n\t\t\t\t<\/div>\n\t\t\t\t<div class=\"elementor-element elementor-element-412272e elementor-cta--skin-cover elementor-animated-content elementor-bg-transform elementor-bg-transform-zoom-in elementor-widget elementor-widget-call-to-action\" data-id=\"412272e\" data-element_type=\"widget\" data-widget_type=\"call-to-action.default\">\n\t\t\t\t<div class=\"elementor-widget-container\">\n\t\t\t\t\t\t\t<a class=\"elementor-cta\" href=\"https:\/\/rhutenio.cz\/en\/sluzba\/zemni-prace\/\">\n\t\t\t\t\t<div class=\"elementor-cta__bg-wrapper\">\n\t\t\t\t<div class=\"elementor-cta__bg elementor-bg\" style=\"background-image: url(https:\/\/rhutenio.cz\/wp-content\/uploads\/2025\/07\/groundworkMain-768x1152.png);\" role=\"img\" aria-label=\"groundworkMain\"><\/div>\n\t\t\t\t<div class=\"elementor-cta__bg-overlay\"><\/div>\n\t\t\t<\/div>\n\t\t\t\t\t\t\t<div class=\"elementor-cta__content\">\n\t\t\t\t\n\t\t\t\t\t\t\t\t\t<h2 class=\"elementor-cta__title elementor-cta__content-item elementor-content-item elementor-animated-item--grow\">\n\t\t\t\t\t\tEarthworks\t\t\t\t\t<\/h2>\n\t\t\t\t\n\t\t\t\t\n\t\t\t\t\t\t\t<\/div>\n\t\t\t\t\t\t<\/a>\n\t\t\t\t\t\t<\/div>\n\t\t\t\t<\/div>\n\t\t\t\t\t<\/div>\n\t\t<\/div>\n\t\t\t\t<div class=\"elementor-column elementor-col-33 elementor-top-column elementor-element elementor-element-9ba3262\" data-id=\"9ba3262\" data-element_type=\"column\">\n\t\t\t<div class=\"elementor-widget-wrap elementor-element-populated\">\n\t\t\t\t\t\t<div class=\"elementor-element elementor-element-693c767 elementor-cta--skin-cover elementor-animated-content elementor-bg-transform elementor-bg-transform-zoom-in elementor-widget elementor-widget-call-to-action\" data-id=\"693c767\" data-element_type=\"widget\" data-widget_type=\"call-to-action.default\">\n\t\t\t\t<div class=\"elementor-widget-container\">\n\t\t\t\t\t\t\t<a class=\"elementor-cta\" href=\"https:\/\/rhutenio.cz\/en\/sluzba\/bitumenova-strecha\/\">\n\t\t\t\t\t<div class=\"elementor-cta__bg-wrapper\">\n\t\t\t\t<div class=\"elementor-cta__bg elementor-bg\" style=\"background-image: url(https:\/\/rhutenio.cz\/wp-content\/uploads\/2025\/06\/Bitumenova-Strecha-Rhutenio-Czech-19.jpg);\" role=\"img\" aria-label=\"Bitumenova\u0301 Str\u030cecha Rhutenio Czech 19\"><\/div>\n\t\t\t\t<div class=\"elementor-cta__bg-overlay\"><\/div>\n\t\t\t<\/div>\n\t\t\t\t\t\t\t<div class=\"elementor-cta__content\">\n\t\t\t\t\n\t\t\t\t\t\t\t\t\t<h2 class=\"elementor-cta__title elementor-cta__content-item elementor-content-item elementor-animated-item--grow\">\n\t\t\t\t\t\tAsphalt Waterproofing\t\t\t\t\t<\/h2>\n\t\t\t\t\n\t\t\t\t\n\t\t\t\t\t\t\t<\/div>\n\t\t\t\t\t\t<\/a>\n\t\t\t\t\t\t<\/div>\n\t\t\t\t<\/div>\n\t\t\t\t\t<\/div>\n\t\t<\/div>\n\t\t\t\t\t<\/div>\n\t\t<\/section>\n\t\t\t\t<\/div>","protected":false},"excerpt":{"rendered":"<p>Pokl\u00e1dka dla\u017eby Hydroizolace z PVC Zemn\u00ed pr\u00e1ce Asfaltov\u00e9 hydroizolace<\/p>","protected":false},"author":3,"featured_media":0,"parent":0,"menu_order":0,"comment_status":"closed","ping_status":"closed","template":"page-builder.php","meta":{"footnotes":""},"class_list":["post-24","page","type-page","status-publish","hentry"],"yoast_head":"<!-- This site is optimized with the Yoast SEO plugin v25.5 - https:\/\/yoast.com\/wordpress\/plugins\/seo\/ -->\n<title>Slu\u017eby - RHUTENIO s.r.o.<\/title>\n<meta name=\"robots\" content=\"index, follow, max-snippet:-1, max-image-preview:large, max-video-preview:-1\" \/>\n<link rel=\"canonical\" href=\"https:\/\/rhutenio.cz\/en\/sluzby\/\" \/>\n<meta property=\"og:locale\" content=\"en_GB\" \/>\n<meta property=\"og:type\" content=\"article\" \/>\n<meta property=\"og:title\" content=\"Slu\u017eby - RHUTENIO s.r.o.\" \/>\n<meta property=\"og:description\" content=\"Pokl\u00e1dka dla\u017eby Hydroizolace z PVC Zemn\u00ed pr\u00e1ce Asfaltov\u00e9 hydroizolace\" \/>\n<meta property=\"og:url\" content=\"https:\/\/rhutenio.cz\/en\/sluzby\/\" \/>\n<meta property=\"og:site_name\" content=\"RHUTENIO s.r.o.\" \/>\n<meta property=\"article:modified_time\" content=\"2025-07-23T11:55:18+00:00\" \/>\n<meta name=\"twitter:card\" content=\"summary_large_image\" \/>\n<script type=\"application\/ld+json\" class=\"yoast-schema-graph\">{\"@context\":\"https:\/\/schema.org\",\"@graph\":[{\"@type\":\"WebPage\",\"@id\":\"https:\/\/rhutenio.cz\/sluzby\/\",\"url\":\"https:\/\/rhutenio.cz\/sluzby\/\",\"name\":\"Slu\u017eby - RHUTENIO s.r.o.\",\"isPartOf\":{\"@id\":\"https:\/\/rhutenio.cz\/#website\"},\"datePublished\":\"2024-09-22T11:30:28+00:00\",\"dateModified\":\"2025-07-23T11:55:18+00:00\",\"breadcrumb\":{\"@id\":\"https:\/\/rhutenio.cz\/sluzby\/#breadcrumb\"},\"inLanguage\":\"en-GB\",\"potentialAction\":[{\"@type\":\"ReadAction\",\"target\":[\"https:\/\/rhutenio.cz\/sluzby\/\"]}]},{\"@type\":\"BreadcrumbList\",\"@id\":\"https:\/\/rhutenio.cz\/sluzby\/#breadcrumb\",\"itemListElement\":[{\"@type\":\"ListItem\",\"position\":1,\"name\":\"Home\",\"item\":\"https:\/\/rhutenio.cz\/\"},{\"@type\":\"ListItem\",\"position\":2,\"name\":\"Slu\u017eby\"}]},{\"@type\":\"WebSite\",\"@id\":\"https:\/\/rhutenio.cz\/#website\",\"url\":\"https:\/\/rhutenio.cz\/\",\"name\":\"RHUTENIO s.r.o.\",\"description\":\"Specialist\u00e9 na zateplen\u00ed a hydroizolace st\u0159ech v Praze\",\"publisher\":{\"@id\":\"https:\/\/rhutenio.cz\/#organization\"},\"potentialAction\":[{\"@type\":\"SearchAction\",\"target\":{\"@type\":\"EntryPoint\",\"urlTemplate\":\"https:\/\/rhutenio.cz\/?s={search_term_string}\"},\"query-input\":{\"@type\":\"PropertyValueSpecification\",\"valueRequired\":true,\"valueName\":\"search_term_string\"}}],\"inLanguage\":\"en-GB\"},{\"@type\":\"Organization\",\"@id\":\"https:\/\/rhutenio.cz\/#organization\",\"name\":\"RHUTENIO s.r.o.\",\"url\":\"https:\/\/rhutenio.cz\/\",\"logo\":{\"@type\":\"ImageObject\",\"inLanguage\":\"en-GB\",\"@id\":\"https:\/\/rhutenio.cz\/#\/schema\/logo\/image\/\",\"url\":\"https:\/\/rhutenio.cz\/wp-content\/uploads\/2024\/09\/rhutenio-cz-logo-white-transparent-scaled.png\",\"contentUrl\":\"https:\/\/rhutenio.cz\/wp-content\/uploads\/2024\/09\/rhutenio-cz-logo-white-transparent-scaled.png\",\"width\":2560,\"height\":271,\"caption\":\"RHUTENIO s.r.o.\"},\"image\":{\"@id\":\"https:\/\/rhutenio.cz\/#\/schema\/logo\/image\/\"}}]}<\/script>\n<!-- \/ Yoast SEO plugin. -->","yoast_head_json":{"title":"Slu\u017eby - RHUTENIO s.r.o.","robots":{"index":"index","follow":"follow","max-snippet":"max-snippet:-1","max-image-preview":"max-image-preview:large","max-video-preview":"max-video-preview:-1"},"canonical":"https:\/\/rhutenio.cz\/en\/sluzby\/","og_locale":"en_GB","og_type":"article","og_title":"Slu\u017eby - RHUTENIO s.r.o.","og_description":"Pokl\u00e1dka dla\u017eby Hydroizolace z PVC Zemn\u00ed pr\u00e1ce Asfaltov\u00e9 hydroizolace","og_url":"https:\/\/rhutenio.cz\/en\/sluzby\/","og_site_name":"RHUTENIO s.r.o.","article_modified_time":"2025-07-23T11:55:18+00:00","twitter_card":"summary_large_image","schema":{"@context":"https:\/\/schema.org","@graph":[{"@type":"WebPage","@id":"https:\/\/rhutenio.cz\/sluzby\/","url":"https:\/\/rhutenio.cz\/sluzby\/","name":"Slu\u017eby - RHUTENIO s.r.o.","isPartOf":{"@id":"https:\/\/rhutenio.cz\/#website"},"datePublished":"2024-09-22T11:30:28+00:00","dateModified":"2025-07-23T11:55:18+00:00","breadcrumb":{"@id":"https:\/\/rhutenio.cz\/sluzby\/#breadcrumb"},"inLanguage":"en-GB","potentialAction":[{"@type":"ReadAction","target":["https:\/\/rhutenio.cz\/sluzby\/"]}]},{"@type":"BreadcrumbList","@id":"https:\/\/rhutenio.cz\/sluzby\/#breadcrumb","itemListElement":[{"@type":"ListItem","position":1,"name":"Home","item":"https:\/\/rhutenio.cz\/"},{"@type":"ListItem","position":2,"name":"Slu\u017eby"}]},{"@type":"WebSite","@id":"https:\/\/rhutenio.cz\/#website","url":"https:\/\/rhutenio.cz\/","name":"RHUTENIO s.r.o.","description":"Specialist\u00e9 na zateplen\u00ed a hydroizolace st\u0159ech v Praze","publisher":{"@id":"https:\/\/rhutenio.cz\/#organization"},"potentialAction":[{"@type":"SearchAction","target":{"@type":"EntryPoint","urlTemplate":"https:\/\/rhutenio.cz\/?s={search_term_string}"},"query-input":{"@type":"PropertyValueSpecification","valueRequired":true,"valueName":"search_term_string"}}],"inLanguage":"en-GB"},{"@type":"Organization","@id":"https:\/\/rhutenio.cz\/#organization","name":"RHUTENIO s.r.o.","url":"https:\/\/rhutenio.cz\/","logo":{"@type":"ImageObject","inLanguage":"en-GB","@id":"https:\/\/rhutenio.cz\/#\/schema\/logo\/image\/","url":"https:\/\/rhutenio.cz\/wp-content\/uploads\/2024\/09\/rhutenio-cz-logo-white-transparent-scaled.png","contentUrl":"https:\/\/rhutenio.cz\/wp-content\/uploads\/2024\/09\/rhutenio-cz-logo-white-transparent-scaled.png","width":2560,"height":271,"caption":"RHUTENIO s.r.o."},"image":{"@id":"https:\/\/rhutenio.cz\/#\/schema\/logo\/image\/"}}]}},"_links":{"self":[{"href":"https:\/\/rhutenio.cz\/en\/wp-json\/wp\/v2\/pages\/24","targetHints":{"allow":["GET"]}}],"collection":[{"href":"https:\/\/rhutenio.cz\/en\/wp-json\/wp\/v2\/pages"}],"about":[{"href":"https:\/\/rhutenio.cz\/en\/wp-json\/wp\/v2\/types\/page"}],"author":[{"embeddable":true,"href":"https:\/\/rhutenio.cz\/en\/wp-json\/wp\/v2\/users\/3"}],"replies":[{"embeddable":true,"href":"https:\/\/rhutenio.cz\/en\/wp-json\/wp\/v2\/comments?post=24"}],"version-history":[{"count":0,"href":"https:\/\/rhutenio.cz\/en\/wp-json\/wp\/v2\/pages\/24\/revisions"}],"wp:attachment":[{"href":"https:\/\/rhutenio.cz\/en\/wp-json\/wp\/v2\/media?parent=24"}],"curies":[{"name":"wp","href":"https:\/\/api.w.org\/{rel}","templated":true}]}}