{"id":23,"date":"2024-09-22T11:30:40","date_gmt":"2024-09-22T11:30:40","guid":{"rendered":"https:\/\/buildgo.themeori.com\/?page_id=23"},"modified":"2025-07-21T13:18:23","modified_gmt":"2025-07-21T13:18:23","slug":"kontakty","status":"publish","type":"page","link":"https:\/\/rhutenio.cz\/en\/kontakty\/","title":{"rendered":"Contact"},"content":{"rendered":"<div data-elementor-type=\"wp-page\" data-elementor-id=\"23\" class=\"elementor elementor-23\" data-elementor-post-type=\"page\">\n\t\t\t\t\t\t<section class=\"elementor-section elementor-top-section elementor-element elementor-element-f69cce4 elementor-section-boxed elementor-section-height-default elementor-section-height-default\" data-id=\"f69cce4\" data-element_type=\"section\">\n\t\t\t\t\t\t<div class=\"elementor-container elementor-column-gap-no\">\n\t\t\t\t\t<div class=\"elementor-column elementor-col-50 elementor-top-column elementor-element elementor-element-003390c\" data-id=\"003390c\" data-element_type=\"column\">\n\t\t\t<div class=\"elementor-widget-wrap elementor-element-populated\">\n\t\t\t\t\t\t<div class=\"elementor-element elementor-element-9239c55 elementor-widget elementor-widget-heading\" data-id=\"9239c55\" data-element_type=\"widget\" data-widget_type=\"heading.default\">\n\t\t\t\t<div class=\"elementor-widget-container\">\n\t\t\t\t\t<h2 class=\"elementor-heading-title elementor-size-default\">Contact<\/h2>\t\t\t\t<\/div>\n\t\t\t\t<\/div>\n\t\t\t\t<div class=\"elementor-element elementor-element-6747e13 elementor-widget elementor-widget-heading\" data-id=\"6747e13\" data-element_type=\"widget\" data-widget_type=\"heading.default\">\n\t\t\t\t<div class=\"elementor-widget-container\">\n\t\t\t\t\t<p class=\"elementor-heading-title elementor-size-default\">We\u2019re here to assist you! Please reach out with any questions, feedback, or project inquiries.<\/p>\t\t\t\t<\/div>\n\t\t\t\t<\/div>\n\t\t\t\t<div class=\"elementor-element elementor-element-dc73104 elementor-widget elementor-widget-flexitype-icon-box\" data-id=\"dc73104\" data-element_type=\"widget\" data-widget_type=\"flexitype-icon-box.default\">\n\t\t\t\t<div class=\"elementor-widget-container\">\n\t\t\t\t\t\r\n        <div class=\"icon__box-item\">\r\n                                                                        <div class=\"icon__box-item-icon\">\r\n                        <i aria-hidden=\"true\" class=\"flaticon flaticon-phone\"><\/i>                                            <\/div>\r\n                                        <div class=\"icon__box-item-content\">\r\n                <div class=\"title\">\r\n                                            <h5>\r\n                            Phone:                        <\/h5>\r\n                                                                <p><a href=\"tel:+420725371230\">(+420) 72 537 1230<\/a><\/p>\n                                    <\/div>\r\n                            <\/div>\r\n        <\/div>\r\n\r\n        \t\t\t\t<\/div>\n\t\t\t\t<\/div>\n\t\t\t\t<div class=\"elementor-element elementor-element-e239f71 elementor-widget elementor-widget-flexitype-icon-box\" data-id=\"e239f71\" data-element_type=\"widget\" data-widget_type=\"flexitype-icon-box.default\">\n\t\t\t\t<div class=\"elementor-widget-container\">\n\t\t\t\t\t\r\n        <div class=\"icon__box-item\">\r\n                                                                        <div class=\"icon__box-item-icon\">\r\n                        <i aria-hidden=\"true\" class=\"flaticon flaticon-email-3\"><\/i>                                            <\/div>\r\n                                        <div class=\"icon__box-item-content\">\r\n                <div class=\"title\">\r\n                                            <h5>\r\n                            Email:                        <\/h5>\r\n                                                                <p><a href=\"mailto:info@rhutenio.cz\"><span class=\"elementor-icon-list-text\">info@rhutenio.cz<\/span><\/a><\/p>\n                                    <\/div>\r\n                            <\/div>\r\n        <\/div>\r\n\r\n        \t\t\t\t<\/div>\n\t\t\t\t<\/div>\n\t\t\t\t<div class=\"elementor-element elementor-element-80c2dfa elementor-widget elementor-widget-flexitype-icon-box\" data-id=\"80c2dfa\" data-element_type=\"widget\" data-widget_type=\"flexitype-icon-box.default\">\n\t\t\t\t<div class=\"elementor-widget-container\">\n\t\t\t\t\t\r\n        <div class=\"icon__box-item\">\r\n                                                                        <div class=\"icon__box-item-icon\">\r\n                        <i aria-hidden=\"true\" class=\"flaticon flaticon-location-1\"><\/i>                                            <\/div>\r\n                                        <div class=\"icon__box-item-content\">\r\n                <div class=\"title\">\r\n                                            <h5>\r\n                            Address:                        <\/h5>\r\n                                                                <p><a href=\"https:\/\/g.co\/kgs\/jNkb2m8\" target=\"_blank\" rel=\"noopener\">Chudenick\u00e1 1085\/24, Hostiva\u0159 102 00 Praha<\/a><\/p>\n                                    <\/div>\r\n                            <\/div>\r\n        <\/div>\r\n\r\n        \t\t\t\t<\/div>\n\t\t\t\t<\/div>\n\t\t\t\t\t<\/div>\n\t\t<\/div>\n\t\t\t\t<div class=\"elementor-column elementor-col-50 elementor-top-column elementor-element elementor-element-54c55a0\" data-id=\"54c55a0\" data-element_type=\"column\" data-settings=\"{&quot;background_background&quot;:&quot;classic&quot;}\">\n\t\t\t<div class=\"elementor-widget-wrap elementor-element-populated\">\n\t\t\t\t\t\t<div class=\"elementor-element elementor-element-b4d4a66 elementor-widget elementor-widget-heading\" data-id=\"b4d4a66\" data-element_type=\"widget\" data-widget_type=\"heading.default\">\n\t\t\t\t<div class=\"elementor-widget-container\">\n\t\t\t\t\t<h2 class=\"elementor-heading-title elementor-size-default\">Send Message<\/h2>\t\t\t\t<\/div>\n\t\t\t\t<\/div>\n\t\t\t\t<div class=\"elementor-element elementor-element-91f611e elementor-button-align-stretch elementor-widget elementor-widget-form\" data-id=\"91f611e\" data-element_type=\"widget\" data-settings=\"{&quot;button_width&quot;:&quot;40&quot;,&quot;step_next_label&quot;:&quot;Dal\\u0161\\u00ed&quot;,&quot;step_previous_label&quot;:&quot;P\\u0159edchoz\\u00ed&quot;,&quot;step_type&quot;:&quot;number_text&quot;,&quot;step_icon_shape&quot;:&quot;circle&quot;}\" data-widget_type=\"form.default\">\n\t\t\t\t<div class=\"elementor-widget-container\">\n\t\t\t\t\t\t\t<form class=\"elementor-form\" method=\"post\" name=\"New Form\" action=\"\">\n\t\t\t<input type=\"hidden\" name=\"post_id\" value=\"23\"\/>\n\t\t\t<input type=\"hidden\" name=\"form_id\" value=\"91f611e\"\/>\n\t\t\t<input type=\"hidden\" name=\"referer_title\" value=\"Kontakty - RHUTENIO s.r.o.\" \/>\n\n\t\t\t\t\t\t\t<input type=\"hidden\" name=\"queried_id\" value=\"23\"\/>\n\t\t\t\n\t\t\t<div class=\"elementor-form-fields-wrapper elementor-labels-above\">\n\t\t\t\t\t\t\t\t<div class=\"elementor-field-type-text elementor-field-group elementor-column elementor-field-group-name elementor-col-50\">\n\t\t\t\t\t\t\t\t\t\t\t\t\t<input size=\"1\" type=\"text\" name=\"form_fields[name]\" id=\"form-field-name\" class=\"elementor-field elementor-size-sm  elementor-field-textual\" placeholder=\"Name\">\n\t\t\t\t\t\t\t\t\t\t\t<\/div>\n\t\t\t\t\t\t\t\t<div class=\"elementor-field-type-tel elementor-field-group elementor-column elementor-field-group-field_3b147fe elementor-col-50\">\n\t\t\t\t\t\t\t<input size=\"1\" type=\"tel\" name=\"form_fields[field_3b147fe]\" id=\"form-field-field_3b147fe\" class=\"elementor-field elementor-size-sm  elementor-field-textual\" placeholder=\"Phone\" pattern=\"[0-9()#&amp;+*-=.]+\" title=\"Only numbers and phone characters (#, -, *, etc) are accepted.\">\n\n\t\t\t\t\t\t<\/div>\n\t\t\t\t\t\t\t\t<div class=\"elementor-field-type-email elementor-field-group elementor-column elementor-field-group-email elementor-col-50 elementor-field-required\">\n\t\t\t\t\t\t\t\t\t\t\t\t\t<input size=\"1\" type=\"email\" name=\"form_fields[email]\" id=\"form-field-email\" class=\"elementor-field elementor-size-sm  elementor-field-textual\" placeholder=\"Email\" required=\"required\">\n\t\t\t\t\t\t\t\t\t\t\t<\/div>\n\t\t\t\t\t\t\t\t<div class=\"elementor-field-type-text elementor-field-group elementor-column elementor-field-group-field_4d25660 elementor-col-50 elementor-field-required\">\n\t\t\t\t\t\t\t\t\t\t\t\t\t<input size=\"1\" type=\"text\" name=\"form_fields[field_4d25660]\" id=\"form-field-field_4d25660\" class=\"elementor-field elementor-size-sm  elementor-field-textual\" placeholder=\"Subject\" required=\"required\">\n\t\t\t\t\t\t\t\t\t\t\t<\/div>\n\t\t\t\t\t\t\t\t<div class=\"elementor-field-type-textarea elementor-field-group elementor-column elementor-field-group-message elementor-col-100\">\n\t\t\t\t\t<textarea class=\"elementor-field-textual elementor-field  elementor-size-sm\" name=\"form_fields[message]\" id=\"form-field-message\" rows=\"4\" placeholder=\"Your message..\"><\/textarea>\t\t\t\t<\/div>\n\t\t\t\t\t\t\t\t<div class=\"elementor-field-type-recaptcha elementor-field-group elementor-column elementor-field-group-field_560d6d6 elementor-col-100\">\n\t\t\t\t\t<div class=\"elementor-field\" id=\"form-field-field_560d6d6\"><div class=\"elementor-g-recaptcha\" data-sitekey=\"6LeHqHArAAAAAC3dlkbhwwsNrUES8scdMdy12-TZ\" data-type=\"v2_checkbox\" data-theme=\"light\" data-size=\"normal\"><\/div><\/div>\t\t\t\t<\/div>\n\t\t\t\t\t\t\t\t<div class=\"elementor-field-group elementor-column elementor-field-type-submit elementor-col-40 e-form__buttons\">\n\t\t\t\t\t<button class=\"elementor-button elementor-size-sm\" type=\"submit\">\n\t\t\t\t\t\t<span class=\"elementor-button-content-wrapper\">\n\t\t\t\t\t\t\t\t\t\t\t\t\t\t\t\t\t\t\t\t\t\t<span class=\"elementor-button-text\">Send<\/span>\n\t\t\t\t\t\t\t\t\t\t\t\t\t<\/span>\n\t\t\t\t\t<\/button>\n\t\t\t\t<\/div>\n\t\t\t<\/div>\n\t\t<input type=\"hidden\" name=\"trp-form-language\" value=\"en\"\/><\/form>\n\t\t\t\t\t\t<\/div>\n\t\t\t\t<\/div>\n\t\t\t\t\t<\/div>\n\t\t<\/div>\n\t\t\t\t\t<\/div>\n\t\t<\/section>\n\t\t\t\t<section class=\"elementor-section elementor-top-section elementor-element elementor-element-5a9cfa3 elementor-section-boxed elementor-section-height-default elementor-section-height-default\" data-id=\"5a9cfa3\" data-element_type=\"section\">\n\t\t\t\t\t\t<div class=\"elementor-container elementor-column-gap-no\">\n\t\t\t\t\t<div class=\"elementor-column elementor-col-100 elementor-top-column elementor-element elementor-element-fb0b1f2\" data-id=\"fb0b1f2\" data-element_type=\"column\">\n\t\t\t<div class=\"elementor-widget-wrap elementor-element-populated\">\n\t\t\t\t\t\t<div class=\"elementor-element elementor-element-831c2e9 elementor-widget elementor-widget-google_maps\" data-id=\"831c2e9\" data-element_type=\"widget\" data-widget_type=\"google_maps.default\">\n\t\t\t\t<div class=\"elementor-widget-container\">\n\t\t\t\t\t\t\t<div class=\"elementor-custom-embed\">\n\t\t\t<iframe loading=\"lazy\"\n\t\t\t\t\tsrc=\"https:\/\/maps.google.com\/maps?q=Chudenick%C3%A1%201085%2F24%2C%20Hostiva%C5%99%20102%2000%20Praha&#038;t=m&#038;z=10&#038;output=embed&#038;iwloc=near\"\n\t\t\t\t\ttitle=\"Chudenick\u00e1 1085\/24, Hostiva\u0159 102 00 Praha\"\n\t\t\t\t\taria-label=\"Chudenick\u00e1 1085\/24, Hostiva\u0159 102 00 Praha\"\n\t\t\t><\/iframe>\n\t\t<\/div>\n\t\t\t\t\t\t<\/div>\n\t\t\t\t<\/div>\n\t\t\t\t\t<\/div>\n\t\t<\/div>\n\t\t\t\t\t<\/div>\n\t\t<\/section>\n\t\t\t\t<\/div>","protected":false},"excerpt":{"rendered":"<p>Kontakty Jsme tu, abychom v\u00e1m pomohli! Nev\u00e1hejte n\u00e1s kontaktovat s jak\u00fdmikoli dotazy, p\u0159ipom\u00ednkami nebo z\u00e1jmem o projekt. Telefon: (+420) 72 537 1230 E-mail: info@rhutenio.cz Adresa: Chudenick\u00e1 1085\/24, Hostiva\u0159 102 00 Praha Odeslat Zpr\u00e1vu<\/p>","protected":false},"author":3,"featured_media":0,"parent":0,"menu_order":0,"comment_status":"closed","ping_status":"closed","template":"page-builder.php","meta":{"footnotes":""},"class_list":["post-23","page","type-page","status-publish","hentry"],"yoast_head":"<!-- This site is optimized with the Yoast SEO plugin v25.5 - https:\/\/yoast.com\/wordpress\/plugins\/seo\/ -->\n<title>Kontakty - RHUTENIO s.r.o.<\/title>\n<meta name=\"robots\" content=\"index, follow, max-snippet:-1, max-image-preview:large, max-video-preview:-1\" \/>\n<link rel=\"canonical\" href=\"https:\/\/rhutenio.cz\/en\/kontakty\/\" \/>\n<meta property=\"og:locale\" content=\"en_GB\" \/>\n<meta property=\"og:type\" content=\"article\" \/>\n<meta property=\"og:title\" content=\"Kontakty - RHUTENIO s.r.o.\" \/>\n<meta property=\"og:description\" content=\"Kontakty Jsme tu, abychom v\u00e1m pomohli! Nev\u00e1hejte n\u00e1s kontaktovat s jak\u00fdmikoli dotazy, p\u0159ipom\u00ednkami nebo z\u00e1jmem o projekt. Telefon: (+420) 72 537 1230 E-mail: info@rhutenio.cz Adresa: Chudenick\u00e1 1085\/24, Hostiva\u0159 102 00 Praha Odeslat Zpr\u00e1vu\" \/>\n<meta property=\"og:url\" content=\"https:\/\/rhutenio.cz\/en\/kontakty\/\" \/>\n<meta property=\"og:site_name\" content=\"RHUTENIO s.r.o.\" \/>\n<meta property=\"article:modified_time\" content=\"2025-07-21T13:18:23+00:00\" \/>\n<meta name=\"twitter:card\" content=\"summary_large_image\" \/>\n<script type=\"application\/ld+json\" class=\"yoast-schema-graph\">{\"@context\":\"https:\/\/schema.org\",\"@graph\":[{\"@type\":\"WebPage\",\"@id\":\"https:\/\/rhutenio.cz\/kontakty\/\",\"url\":\"https:\/\/rhutenio.cz\/kontakty\/\",\"name\":\"Kontakty - RHUTENIO s.r.o.\",\"isPartOf\":{\"@id\":\"https:\/\/rhutenio.cz\/#website\"},\"datePublished\":\"2024-09-22T11:30:40+00:00\",\"dateModified\":\"2025-07-21T13:18:23+00:00\",\"breadcrumb\":{\"@id\":\"https:\/\/rhutenio.cz\/kontakty\/#breadcrumb\"},\"inLanguage\":\"en-GB\",\"potentialAction\":[{\"@type\":\"ReadAction\",\"target\":[\"https:\/\/rhutenio.cz\/kontakty\/\"]}]},{\"@type\":\"BreadcrumbList\",\"@id\":\"https:\/\/rhutenio.cz\/kontakty\/#breadcrumb\",\"itemListElement\":[{\"@type\":\"ListItem\",\"position\":1,\"name\":\"Home\",\"item\":\"https:\/\/rhutenio.cz\/\"},{\"@type\":\"ListItem\",\"position\":2,\"name\":\"Kontakty\"}]},{\"@type\":\"WebSite\",\"@id\":\"https:\/\/rhutenio.cz\/#website\",\"url\":\"https:\/\/rhutenio.cz\/\",\"name\":\"RHUTENIO s.r.o.\",\"description\":\"Specialist\u00e9 na zateplen\u00ed a hydroizolace st\u0159ech v Praze\",\"publisher\":{\"@id\":\"https:\/\/rhutenio.cz\/#organization\"},\"potentialAction\":[{\"@type\":\"SearchAction\",\"target\":{\"@type\":\"EntryPoint\",\"urlTemplate\":\"https:\/\/rhutenio.cz\/?s={search_term_string}\"},\"query-input\":{\"@type\":\"PropertyValueSpecification\",\"valueRequired\":true,\"valueName\":\"search_term_string\"}}],\"inLanguage\":\"en-GB\"},{\"@type\":\"Organization\",\"@id\":\"https:\/\/rhutenio.cz\/#organization\",\"name\":\"RHUTENIO s.r.o.\",\"url\":\"https:\/\/rhutenio.cz\/\",\"logo\":{\"@type\":\"ImageObject\",\"inLanguage\":\"en-GB\",\"@id\":\"https:\/\/rhutenio.cz\/#\/schema\/logo\/image\/\",\"url\":\"https:\/\/rhutenio.cz\/wp-content\/uploads\/2024\/09\/rhutenio-cz-logo-white-transparent-scaled.png\",\"contentUrl\":\"https:\/\/rhutenio.cz\/wp-content\/uploads\/2024\/09\/rhutenio-cz-logo-white-transparent-scaled.png\",\"width\":2560,\"height\":271,\"caption\":\"RHUTENIO s.r.o.\"},\"image\":{\"@id\":\"https:\/\/rhutenio.cz\/#\/schema\/logo\/image\/\"}}]}<\/script>\n<!-- \/ Yoast SEO plugin. -->","yoast_head_json":{"title":"Kontakty - RHUTENIO s.r.o.","robots":{"index":"index","follow":"follow","max-snippet":"max-snippet:-1","max-image-preview":"max-image-preview:large","max-video-preview":"max-video-preview:-1"},"canonical":"https:\/\/rhutenio.cz\/en\/kontakty\/","og_locale":"en_GB","og_type":"article","og_title":"Kontakty - RHUTENIO s.r.o.","og_description":"Kontakty Jsme tu, abychom v\u00e1m pomohli! Nev\u00e1hejte n\u00e1s kontaktovat s jak\u00fdmikoli dotazy, p\u0159ipom\u00ednkami nebo z\u00e1jmem o projekt. Telefon: (+420) 72 537 1230 E-mail: info@rhutenio.cz Adresa: Chudenick\u00e1 1085\/24, Hostiva\u0159 102 00 Praha Odeslat Zpr\u00e1vu","og_url":"https:\/\/rhutenio.cz\/en\/kontakty\/","og_site_name":"RHUTENIO s.r.o.","article_modified_time":"2025-07-21T13:18:23+00:00","twitter_card":"summary_large_image","schema":{"@context":"https:\/\/schema.org","@graph":[{"@type":"WebPage","@id":"https:\/\/rhutenio.cz\/kontakty\/","url":"https:\/\/rhutenio.cz\/kontakty\/","name":"Kontakty - RHUTENIO s.r.o.","isPartOf":{"@id":"https:\/\/rhutenio.cz\/#website"},"datePublished":"2024-09-22T11:30:40+00:00","dateModified":"2025-07-21T13:18:23+00:00","breadcrumb":{"@id":"https:\/\/rhutenio.cz\/kontakty\/#breadcrumb"},"inLanguage":"en-GB","potentialAction":[{"@type":"ReadAction","target":["https:\/\/rhutenio.cz\/kontakty\/"]}]},{"@type":"BreadcrumbList","@id":"https:\/\/rhutenio.cz\/kontakty\/#breadcrumb","itemListElement":[{"@type":"ListItem","position":1,"name":"Home","item":"https:\/\/rhutenio.cz\/"},{"@type":"ListItem","position":2,"name":"Kontakty"}]},{"@type":"WebSite","@id":"https:\/\/rhutenio.cz\/#website","url":"https:\/\/rhutenio.cz\/","name":"RHUTENIO s.r.o.","description":"Specialist\u00e9 na zateplen\u00ed a hydroizolace st\u0159ech v Praze","publisher":{"@id":"https:\/\/rhutenio.cz\/#organization"},"potentialAction":[{"@type":"SearchAction","target":{"@type":"EntryPoint","urlTemplate":"https:\/\/rhutenio.cz\/?s={search_term_string}"},"query-input":{"@type":"PropertyValueSpecification","valueRequired":true,"valueName":"search_term_string"}}],"inLanguage":"en-GB"},{"@type":"Organization","@id":"https:\/\/rhutenio.cz\/#organization","name":"RHUTENIO s.r.o.","url":"https:\/\/rhutenio.cz\/","logo":{"@type":"ImageObject","inLanguage":"en-GB","@id":"https:\/\/rhutenio.cz\/#\/schema\/logo\/image\/","url":"https:\/\/rhutenio.cz\/wp-content\/uploads\/2024\/09\/rhutenio-cz-logo-white-transparent-scaled.png","contentUrl":"https:\/\/rhutenio.cz\/wp-content\/uploads\/2024\/09\/rhutenio-cz-logo-white-transparent-scaled.png","width":2560,"height":271,"caption":"RHUTENIO s.r.o."},"image":{"@id":"https:\/\/rhutenio.cz\/#\/schema\/logo\/image\/"}}]}},"_links":{"self":[{"href":"https:\/\/rhutenio.cz\/en\/wp-json\/wp\/v2\/pages\/23","targetHints":{"allow":["GET"]}}],"collection":[{"href":"https:\/\/rhutenio.cz\/en\/wp-json\/wp\/v2\/pages"}],"about":[{"href":"https:\/\/rhutenio.cz\/en\/wp-json\/wp\/v2\/types\/page"}],"author":[{"embeddable":true,"href":"https:\/\/rhutenio.cz\/en\/wp-json\/wp\/v2\/users\/3"}],"replies":[{"embeddable":true,"href":"https:\/\/rhutenio.cz\/en\/wp-json\/wp\/v2\/comments?post=23"}],"version-history":[{"count":0,"href":"https:\/\/rhutenio.cz\/en\/wp-json\/wp\/v2\/pages\/23\/revisions"}],"wp:attachment":[{"href":"https:\/\/rhutenio.cz\/en\/wp-json\/wp\/v2\/media?parent=23"}],"curies":[{"name":"wp","href":"https:\/\/api.w.org\/{rel}","templated":true}]}}